{"id":545,"date":"2026-04-08T22:44:00","date_gmt":"2026-04-08T22:44:00","guid":{"rendered":"https:\/\/weinard.website\/?page_id=545"},"modified":"2026-04-08T23:49:30","modified_gmt":"2026-04-08T23:49:30","slug":"travel","status":"publish","type":"page","link":"https:\/\/weinard.website\/?page_id=545","title":{"rendered":"Travel"},"content":{"rendered":"\n<figure class=\"wp-block-table alignfull is-style-stripes\"><table><thead><tr><th><mark style=\"background-color:rgba(0, 0, 0, 0)\" class=\"has-inline-color has-luminous-vivid-orange-color\">Baden-W\u00fcrttemberg<\/mark><\/th><th><\/th><\/tr><\/thead><tbody><tr><td>Aalen &#8211; Abtsgm\u00fcnd &#8211; Balingen &#8211; Biberach &#8211; Blaubeuren &#8211; Blaustein &#8211; Cleebronn &#8211; Crailsheim &#8211; Dischingen &#8211; Donzdorf &#8211; Dornstadt &#8211; Endingen am Kaiserstuhl &#8211; Ehingen &#8211; Engstingen &#8211; Feldstetten &#8211; Freiburg &#8211; Geislingen &#8211; Giengen an der Brenz &#8211; G\u00f6ppingen &#8211; Heidelberg &#8211; Heidenheim &#8211; Karlsruhe &#8211; Kirchheim unter Teck &#8211; K\u00f6ngen &#8211; Laichingen &#8211; Leonberg &#8211; Ludwigsburg &#8211; Mannheim &#8211; Merklingen &#8211; Me\u00dfstetten &#8211; Nellingen &#8211; Neresheim &#8211; Obermarchtal &#8211; Reutlingen &#8211; Schelklingen &#8211; Sinsheim &#8211; Sonnenb\u00fchl &#8211; Stuttgart &#8211; Ulm &#8211; Westerheim<\/td><td><\/td><\/tr><\/tbody><tfoot><tr><td><\/td><td><\/td><\/tr><\/tfoot><\/table><\/figure>\n\n\n\n<figure class=\"wp-block-table alignfull is-style-stripes\"><table><thead><tr><th><mark style=\"background-color:rgba(0, 0, 0, 0)\" class=\"has-inline-color has-luminous-vivid-orange-color\">Bayern<\/mark><\/th><th><\/th><\/tr><\/thead><tbody><tr><td>Ansbach &#8211; Augsburg &#8211; Bamberg &#8211; Colmberg &#8211; Erlangen &#8211; F\u00fcrth &#8211; Furth im Wald &#8211; Geiselwind &#8211; G\u00fcnzburg &#8211; Ingolstadt &#8211; Lichtenfels &#8211; Lohberg &#8211; M\u00fcnchen &#8211; N\u00fcrnberg &#8211; Regensburg &#8211; Rothenburg ob der Tauber &#8211; Runding &#8211; Schillingsf\u00fcrst &#8211; St. Englmar &#8211; Volkach &#8211; W\u00fcrzburg &#8211; Zirndorf<\/td><td><\/td><\/tr><\/tbody><tfoot><tr><td><\/td><td><\/td><\/tr><\/tfoot><\/table><\/figure>\n\n\n\n<figure class=\"wp-block-table alignfull is-style-stripes\"><table><thead><tr><th><mark style=\"background-color:rgba(0, 0, 0, 0)\" class=\"has-inline-color has-luminous-vivid-orange-color\">Berlin<\/mark><\/th><th><\/th><\/tr><\/thead><tbody><tr><td>Berlin<\/td><td><\/td><\/tr><\/tbody><tfoot><tr><td><\/td><td><\/td><\/tr><\/tfoot><\/table><\/figure>\n\n\n\n<figure class=\"wp-block-table alignfull is-style-stripes\"><table><thead><tr><th><mark style=\"background-color:rgba(0, 0, 0, 0)\" class=\"has-inline-color has-luminous-vivid-orange-color\">Brandenburg<\/mark><\/th><th><\/th><\/tr><\/thead><tbody><tr><td>Cottbus &#8211; Dergenthin &#8211; Luckau &#8211; Spremberg<\/td><td><\/td><\/tr><\/tbody><tfoot><tr><td><\/td><td><\/td><\/tr><\/tfoot><\/table><\/figure>\n\n\n\n<figure class=\"wp-block-table alignfull is-style-stripes\"><table><thead><tr><th><mark style=\"background-color:rgba(0, 0, 0, 0)\" class=\"has-inline-color has-luminous-vivid-orange-color\">Hamburg<\/mark><\/th><th><\/th><\/tr><\/thead><tbody><tr><td>Hamburg<\/td><td><\/td><\/tr><\/tbody><tfoot><tr><td><\/td><td><\/td><\/tr><\/tfoot><\/table><\/figure>\n\n\n\n<figure class=\"wp-block-table alignfull is-style-stripes\"><table><thead><tr><th><mark style=\"background-color:rgba(0, 0, 0, 0)\" class=\"has-inline-color has-luminous-vivid-orange-color\">Hessen<\/mark><\/th><th><\/th><\/tr><\/thead><tbody><tr><td>Bad Homburg &#8211; Bad Vilbel &#8211; Darmstadt &#8211; Dietzenbach &#8211; Frankfurt &#8211; Friedberg &#8211; Friedrichsdorf &#8211; Giessen &#8211; Gro\u00df-Umstadt &#8211; Hanau &#8211; Hattersheim &#8211; Heusenstamm &#8211; Kassel &#8211; Kronberg &#8211; Marburg &#8211; Neu-Isenburg &#8211; Oberursel &#8211; Offenbach &#8211; Ranstadt &#8211; R\u00f6dermark &#8211; R\u00fcsselsheim &#8211; Sulzbach &#8211; Wehrheim &#8211; Wetzlar &#8211; Wiesbaden<\/td><td><\/td><\/tr><\/tbody><tfoot><tr><td><\/td><td><\/td><\/tr><\/tfoot><\/table><\/figure>\n\n\n\n<figure class=\"wp-block-table alignfull is-style-stripes\"><table><thead><tr><th><mark style=\"background-color:rgba(0, 0, 0, 0)\" class=\"has-inline-color has-luminous-vivid-orange-color\">Mecklenburg-Vorpommern<\/mark><\/th><th><\/th><\/tr><\/thead><tbody><tr><td>Stavenhagen &#8211;<\/td><td><\/td><\/tr><\/tbody><tfoot><tr><td><\/td><td><\/td><\/tr><\/tfoot><\/table><\/figure>\n\n\n\n<figure class=\"wp-block-table alignfull is-style-stripes\"><table><thead><tr><th><mark style=\"background-color:rgba(0, 0, 0, 0)\" class=\"has-inline-color has-luminous-vivid-orange-color\">Nordrhein-Westfalen<\/mark><\/th><th><\/th><\/tr><\/thead><tbody><tr><td>Aachen &#8211; Bielefeld &#8211; Bonn &#8211; Dortmund &#8211; K\u00f6ln &#8211; M\u00f6nchengladbach &#8211; Paderborn<\/td><td><\/td><\/tr><\/tbody><tfoot><tr><td><\/td><td><\/td><\/tr><\/tfoot><\/table><\/figure>\n\n\n\n<figure class=\"wp-block-table alignfull is-style-stripes\"><table><thead><tr><th><mark style=\"background-color:rgba(0, 0, 0, 0)\" class=\"has-inline-color has-luminous-vivid-orange-color\">Niedersachsen<\/mark><\/th><th><\/th><\/tr><\/thead><tbody><tr><td>Bad Iburg &#8211; Emden &#8211; Georgsmarienh\u00fctte &#8211; Greetsiel &#8211; Norden<\/td><td><\/td><\/tr><\/tbody><tfoot><tr><td><\/td><td><\/td><\/tr><\/tfoot><\/table><\/figure>\n\n\n\n<figure class=\"wp-block-table alignfull is-style-stripes\"><table><thead><tr><th><mark style=\"background-color:rgba(0, 0, 0, 0)\" class=\"has-inline-color has-luminous-vivid-orange-color\">Rheinland-Pfalz<\/mark><\/th><th><\/th><\/tr><\/thead><tbody><tr><td>Daun &#8211; Koblenz &#8211; Ludwigshafen &#8211; Mainz<\/td><td><\/td><\/tr><\/tbody><tfoot><tr><td><\/td><td><\/td><\/tr><\/tfoot><\/table><\/figure>\n\n\n\n<figure class=\"wp-block-table alignfull is-style-stripes\"><table><thead><tr><th><mark style=\"background-color:rgba(0, 0, 0, 0)\" class=\"has-inline-color has-luminous-vivid-orange-color\">Sachsen<\/mark><\/th><th><\/th><\/tr><\/thead><tbody><tr><td>Annaberg-Buchholz &#8211; Aue &#8211; Bischofswerda &#8211; Dippoldiswalde &#8211; Dresden &#8211; Leipzig &#8211; Plauen &#8211; Zwickau<\/td><td><\/td><\/tr><\/tbody><tfoot><tr><td><\/td><td><\/td><\/tr><\/tfoot><\/table><\/figure>\n\n\n\n<figure class=\"wp-block-table alignfull is-style-stripes\"><table><thead><tr><th><mark style=\"background-color:rgba(0, 0, 0, 0)\" class=\"has-inline-color has-luminous-vivid-orange-color\">Sachsen-Anhalt<\/mark><\/th><th><\/th><\/tr><\/thead><tbody><tr><td>Dessau &#8211; Halle &#8211; Merseburg<\/td><td><\/td><\/tr><\/tbody><tfoot><tr><td><\/td><td><\/td><\/tr><\/tfoot><\/table><\/figure>\n\n\n\n<figure class=\"wp-block-table alignfull is-style-stripes\"><table><thead><tr><th><mark style=\"background-color:rgba(0, 0, 0, 0)\" class=\"has-inline-color has-luminous-vivid-orange-color\">Schleswig-Holstein<\/mark><\/th><th><\/th><\/tr><\/thead><tbody><tr><td>J\u00fcbek &#8211; L\u00fcbeck &#8211; Wacken<\/td><td><\/td><\/tr><\/tbody><tfoot><tr><td><\/td><td><\/td><\/tr><\/tfoot><\/table><\/figure>\n\n\n\n<figure class=\"wp-block-table alignfull is-style-stripes\"><table><thead><tr><th><mark style=\"background-color:rgba(0, 0, 0, 0)\" class=\"has-inline-color has-luminous-vivid-orange-color\">Th\u00fcringen<\/mark><\/th><th><\/th><\/tr><\/thead><tbody><tr><td>Bad Salzungen &#8211; Erfurt &#8211; Jena &#8211; Weimar<\/td><td><\/td><\/tr><\/tbody><tfoot><tr><td><\/td><td><\/td><\/tr><\/tfoot><\/table><\/figure>\n\n\n\n<p><\/p>\n","protected":false},"excerpt":{"rendered":"<p>Baden-W\u00fcrttemberg Aalen &#8211; Abtsgm\u00fcnd &#8211; Balingen &#8211; Biberach &#8211; Blaubeuren &#8211; Blaustein &#8211; Cleebronn &#8211; Crailsheim &#8211; Dischingen<\/p>\n","protected":false},"author":1,"featured_media":0,"parent":2,"menu_order":0,"comment_status":"closed","ping_status":"closed","template":"","meta":{"footnotes":""},"class_list":["post-545","page","type-page","status-publish","hentry"],"yoast_head":"<!-- This site is optimized with the Yoast SEO plugin v26.1.1 - https:\/\/yoast.com\/wordpress\/plugins\/seo\/ -->\n<title>Travel - Nico Weinard<\/title>\n<meta name=\"robots\" content=\"index, follow, max-snippet:-1, max-image-preview:large, max-video-preview:-1\" \/>\n<link rel=\"canonical\" href=\"https:\/\/weinard.website\/?page_id=545\" \/>\n<meta property=\"og:locale\" content=\"de_DE\" \/>\n<meta property=\"og:type\" content=\"article\" \/>\n<meta property=\"og:title\" content=\"Travel - Nico Weinard\" \/>\n<meta property=\"og:description\" content=\"Baden-W\u00fcrttemberg Aalen &#8211; Abtsgm\u00fcnd &#8211; Balingen &#8211; Biberach &#8211; Blaubeuren &#8211; Blaustein &#8211; Cleebronn &#8211; Crailsheim &#8211; Dischingen\" \/>\n<meta property=\"og:url\" content=\"https:\/\/weinard.website\/?page_id=545\" \/>\n<meta property=\"og:site_name\" content=\"Nico Weinard\" \/>\n<meta property=\"article:modified_time\" content=\"2026-04-08T23:49:30+00:00\" \/>\n<meta name=\"twitter:card\" content=\"summary_large_image\" \/>\n<meta name=\"twitter:label1\" content=\"Gesch\u00e4tzte Lesezeit\" \/>\n\t<meta name=\"twitter:data1\" content=\"1\u00a0Minute\" \/>\n<script type=\"application\/ld+json\" class=\"yoast-schema-graph\">{\"@context\":\"https:\/\/schema.org\",\"@graph\":[{\"@type\":\"WebPage\",\"@id\":\"https:\/\/weinard.website\/?page_id=545\",\"url\":\"https:\/\/weinard.website\/?page_id=545\",\"name\":\"Travel - Nico Weinard\",\"isPartOf\":{\"@id\":\"http:\/\/weinard.website\/#website\"},\"datePublished\":\"2026-04-08T22:44:00+00:00\",\"dateModified\":\"2026-04-08T23:49:30+00:00\",\"breadcrumb\":{\"@id\":\"https:\/\/weinard.website\/?page_id=545#breadcrumb\"},\"inLanguage\":\"de\",\"potentialAction\":[{\"@type\":\"ReadAction\",\"target\":[\"https:\/\/weinard.website\/?page_id=545\"]}]},{\"@type\":\"BreadcrumbList\",\"@id\":\"https:\/\/weinard.website\/?page_id=545#breadcrumb\",\"itemListElement\":[{\"@type\":\"ListItem\",\"position\":1,\"name\":\"Home\",\"item\":\"http:\/\/weinard.website\/\"},{\"@type\":\"ListItem\",\"position\":2,\"name\":\"\u00dcber mich\",\"item\":\"https:\/\/weinard.website\/?page_id=2\"},{\"@type\":\"ListItem\",\"position\":3,\"name\":\"Travel\"}]},{\"@type\":\"WebSite\",\"@id\":\"http:\/\/weinard.website\/#website\",\"url\":\"http:\/\/weinard.website\/\",\"name\":\"Nico Weinard\",\"description\":\"Metalhead, Fantasy Autor &amp; Ghostwriter\",\"potentialAction\":[{\"@type\":\"SearchAction\",\"target\":{\"@type\":\"EntryPoint\",\"urlTemplate\":\"http:\/\/weinard.website\/?s={search_term_string}\"},\"query-input\":{\"@type\":\"PropertyValueSpecification\",\"valueRequired\":true,\"valueName\":\"search_term_string\"}}],\"inLanguage\":\"de\"}]}<\/script>\n<!-- \/ Yoast SEO plugin. -->","yoast_head_json":{"title":"Travel - Nico Weinard","robots":{"index":"index","follow":"follow","max-snippet":"max-snippet:-1","max-image-preview":"max-image-preview:large","max-video-preview":"max-video-preview:-1"},"canonical":"https:\/\/weinard.website\/?page_id=545","og_locale":"de_DE","og_type":"article","og_title":"Travel - Nico Weinard","og_description":"Baden-W\u00fcrttemberg Aalen &#8211; Abtsgm\u00fcnd &#8211; Balingen &#8211; Biberach &#8211; Blaubeuren &#8211; Blaustein &#8211; Cleebronn &#8211; Crailsheim &#8211; Dischingen","og_url":"https:\/\/weinard.website\/?page_id=545","og_site_name":"Nico Weinard","article_modified_time":"2026-04-08T23:49:30+00:00","twitter_card":"summary_large_image","twitter_misc":{"Gesch\u00e4tzte Lesezeit":"1\u00a0Minute"},"schema":{"@context":"https:\/\/schema.org","@graph":[{"@type":"WebPage","@id":"https:\/\/weinard.website\/?page_id=545","url":"https:\/\/weinard.website\/?page_id=545","name":"Travel - Nico Weinard","isPartOf":{"@id":"http:\/\/weinard.website\/#website"},"datePublished":"2026-04-08T22:44:00+00:00","dateModified":"2026-04-08T23:49:30+00:00","breadcrumb":{"@id":"https:\/\/weinard.website\/?page_id=545#breadcrumb"},"inLanguage":"de","potentialAction":[{"@type":"ReadAction","target":["https:\/\/weinard.website\/?page_id=545"]}]},{"@type":"BreadcrumbList","@id":"https:\/\/weinard.website\/?page_id=545#breadcrumb","itemListElement":[{"@type":"ListItem","position":1,"name":"Home","item":"http:\/\/weinard.website\/"},{"@type":"ListItem","position":2,"name":"\u00dcber mich","item":"https:\/\/weinard.website\/?page_id=2"},{"@type":"ListItem","position":3,"name":"Travel"}]},{"@type":"WebSite","@id":"http:\/\/weinard.website\/#website","url":"http:\/\/weinard.website\/","name":"Nico Weinard","description":"Metalhead, Fantasy Autor &amp; Ghostwriter","potentialAction":[{"@type":"SearchAction","target":{"@type":"EntryPoint","urlTemplate":"http:\/\/weinard.website\/?s={search_term_string}"},"query-input":{"@type":"PropertyValueSpecification","valueRequired":true,"valueName":"search_term_string"}}],"inLanguage":"de"}]}},"_links":{"self":[{"href":"https:\/\/weinard.website\/index.php?rest_route=\/wp\/v2\/pages\/545","targetHints":{"allow":["GET"]}}],"collection":[{"href":"https:\/\/weinard.website\/index.php?rest_route=\/wp\/v2\/pages"}],"about":[{"href":"https:\/\/weinard.website\/index.php?rest_route=\/wp\/v2\/types\/page"}],"author":[{"embeddable":true,"href":"https:\/\/weinard.website\/index.php?rest_route=\/wp\/v2\/users\/1"}],"replies":[{"embeddable":true,"href":"https:\/\/weinard.website\/index.php?rest_route=%2Fwp%2Fv2%2Fcomments&post=545"}],"version-history":[{"count":4,"href":"https:\/\/weinard.website\/index.php?rest_route=\/wp\/v2\/pages\/545\/revisions"}],"predecessor-version":[{"id":563,"href":"https:\/\/weinard.website\/index.php?rest_route=\/wp\/v2\/pages\/545\/revisions\/563"}],"up":[{"embeddable":true,"href":"https:\/\/weinard.website\/index.php?rest_route=\/wp\/v2\/pages\/2"}],"wp:attachment":[{"href":"https:\/\/weinard.website\/index.php?rest_route=%2Fwp%2Fv2%2Fmedia&parent=545"}],"curies":[{"name":"wp","href":"https:\/\/api.w.org\/{rel}","templated":true}]}}