{"id":2,"date":"2025-10-22T15:26:30","date_gmt":"2025-10-22T15:26:30","guid":{"rendered":"https:\/\/weinard.website\/?page_id=2"},"modified":"2026-03-10T20:49:24","modified_gmt":"2026-03-10T20:49:24","slug":"sample-page","status":"publish","type":"page","link":"https:\/\/weinard.website\/?page_id=2","title":{"rendered":"\u00dcber mich"},"content":{"rendered":"\n<p><strong>Erste Ber\u00fchrungen mit dem Fantasy Genre<\/strong><br>Im November 1976 wurde ich in Frankfurt am Main geboren. Mit etwa zehn Jahren f\u00fchrte mich mein Bruder in die Welt von das ein. Eine erste Vorliebe f\u00fcr Orks, Helden, Magier und Elfen war geboren. Da wir uns in diesem Alter die ganzen Abenteuer nat\u00fcrlich nicht leisten konnten, begannen wir damit, selbst welche zu schreiben. Kurz darauf entdeckte ich meine Vorliebe f\u00fcr B\u00fccher. Mein erster Lieblingsschriftsteller war Stephen King, ich habe jahrelang alles von ihm verschlungen. Mit vierzehn oder f\u00fcnfzehn nervte ich meine Eltern, dass ich unbedingt eine Schreibmaschine haben wollte. Kurz darauf begann ich mit dem Tippen der ersten Geschichte. Da ich damals sehr gerne L.A. Law im Fernsehen gesehen habe, ging es bei meinem ersten Schreibversuch um eine Anwaltskanzlei. Einige von meinen kreativen Erg\u00fcssen hatten mich \u00fcbrigens lauthals auflachen lassen, als ich sie etwa ein Jahr sp\u00e4ter zuf\u00e4lligerweise wieder gefunden hatte. Von der Geschichte existiert gl\u00fccklicherweise nichts mehr. Es muss 1991 oder 92 gewesen sein, als ich mir die ersten Grundz\u00fcge einer Geschichte ausdachte, die sp\u00e4ter einmal den Titel \u201cDer Schwarze Bund\u201d bekommen sollte.<br>Wenig sp\u00e4ter ging es mit Musik los. Schnell war klar: Heavy Metal, Goth, Punk und Oi waren meine Richtung. Erkl\u00e4rtes Lebensziel war es nun, auf so viele Festivals und Konzerte wie m\u00f6glich zu gehen und dabei so viele Bands wie m\u00f6glich zu sehen.<\/p>\n\n\n\n<p><strong>Stephen King meets Lord of the Rings<\/strong><br>Meine Stephen King Phase wurde an meinem 23. Geburtstag beendet. Mit den Worten \u201eDu brauchst Kultur\u201c schenkte mir mein Bruder eine gr\u00fcne Box: Der Herr der Ringe! Von da an hatte mich das Genre Fantasy gepackt und nicht mehr losgelassen.<\/p>\n\n\n\n<p><strong>Let the shadow smile<\/strong><br>Durch einen Zufall kam ich ins Musikgesch\u00e4ft und durfte bei einer Plattenfirma als Booker arbeiten. Ohne irgendwelche Vorkenntnisse legte ich los und fand schnell gefallen daran. Im Jahre 2000 gr\u00fcndete ich meine eigene Booking Agentur Shadow Smile und war bis 2007 als Booker, Tourmanager, Konzertveranstalter und Lichttechniker unterwegs, lernte Bands aus ganz Europa kennen und konnte das Leben auf Tournee genie\u00dfen.<br>Als Ausgleich zum Arbeitsplatz und dem Musikgesch\u00e4ft begann ich wieder mit dem Schreiben. Es dauerte, bis ich mich getraut hatte, die ersten selbst geschriebenen Texte im Internet zu ver\u00f6ffentlichen. Die Reaktionen waren positiv und bekr\u00e4ftigten mich darin, weiter zu schreiben.<\/p>\n\n\n\n<p><strong>Love is in the air<\/strong><br>2010 haben meine Frau und ich geheiratet und im Juli 2011 kam unser erstes Kind. W\u00e4hrend mein Frau &amp; Sohn die Tage nach der Geburt noch im Krankenhaus verbringen mussten, verbrachte ich die Abende allein zu Hause. Bei einer ausgiebigen Youtube-Sesson stolperte ich \u00fcber ein Video zum Thema Danistakratie, was schlussendlich zu der Idee f\u00fcr mein erstes Vampirbuch f\u00fchrte. Angespornt von dem Video fing ich an, immer mehr Sache zu hinterfragen und selbst zu recherchieren. Fantasy B\u00fccher wurden durch Sachb\u00fccher und Biografien ersetzt.<\/p>\n\n\n\n<p><strong>Der Schwarze Bund erblickt das Licht der Welt<\/strong><br>2013 traute ich mich dann zu der ersten Ver\u00f6ffentlichung eines Ebooks: \u201cDer Schwarze Bund Teil I &#8211; Sarxj\u00e4ger\u201d. Zu diesem Zeitpunkt hatte ich den zweiten Teil bereits fast fertig. Die Reaktionen bekr\u00e4ftigten mich, nicht nur Teil II zu Ende zu schreiben, sondern die Trilogie komplett zu vollenden.<br>2014 fragte ich mich, ob man Sozialkritik und Fantasy kombinieren kann. Heraus kamen die Episoden der Vampirgeschichte \u201eChronik von Chiara\u201c. Unter dem Motto \u201eBlutsauger gegen Blutsauger\u201c k\u00e4mpfen Vampire gegen die Hochfinanz.<br>Mitte 2015 kam dann mein erstes Taschenbuch auf den Markt: Der Schwarze Bund! (1992 &#8211; 2015 ist doch nicht schlecht, oder \ud83d\ude09 ?) Gegen Ende des Jahres erschien das zweite Taschenbuch: Chronik von Chiara Episode eins bis f\u00fcnf. Beide B\u00fccher sind in dieser Form heute nicht mehr erh\u00e4ltlich.<\/p>\n\n\n\n<p><strong>Der erste Verlag<\/strong><br>Im Februar 2016 kam dann mein zweites Kind, eine Tochter, zur Welt, was die Priorit\u00e4ten von der Schreiberei weg zum Familienleben verlagerte.<br>Im September 2017 unterschrieb ich einen Vertrag bei Lysandra Books, die meine Vampirreihe als Fantasy Trilogie \u201eChroniken der Danistakratie\u201c ver\u00f6ffentlichen m\u00f6chten. Die Geschichte ist bis heute unver\u00f6ffentlicht, was einzig und allein meine Schuld ist. In der Story gibt es noch zu viele inhaltliche Ungereimtheiten und Fehler, welche ich aufgrund Zeitmangels immer noch nicht zu meiner Zufriedenheit ausgebessert habe.<br>Auf der Suche nach Schreib\u00fcbungen im Internet stie\u00df ich auf die Seite content.de. Auf dieser Seite kann man sich nicht nur flei\u00dfig mit kleineren Schreibauftr\u00e4gen eindecken und den eigenen Schreibstil verbessern, sondern bekommt auch noch Geld daf\u00fcr.<br>Auch wenn der Fokus nun bei den Schreibauftr\u00e4gen als Ghost Writer lag, konnte ich 2020 zwei meiner Geschichten in Anthologien des Blutwut Verlages und beim Chaospony Verlag unterbringen.<br>2021 landeten drei Kurzgeschichten von mir im Fantasia Magazin.<\/p>\n\n\n\n<p><strong>Mit Zombies gl\u00fccklich werden<\/strong><br>Gegen Ende 2025 war aus irgendeinem Grund Flaute bei den Schreibauftr\u00e4gen. Daher schrieb ich mehrere Kurzgeschichten und nahm an verschiedenen Ausschreibungen teil. Eine davon war von der Zombie Zone Germany. Diese reagierten in Rekordzeit und ich durfte den Verlagsvertrag noch vor dem Jahreswechsel in H\u00e4nden halten. Die besagte Kurzgeschichte erschien am 15.02.2026 auf der Patreon-Seite der Zombie-Zone.<br>Seitdem habe ich festgestellt, dass mir Geschichten \u00fcber Untote Spa\u00df machen.<\/p>\n","protected":false},"excerpt":{"rendered":"<p>Erste Ber\u00fchrungen mit dem Fantasy GenreIm November 1976 wurde ich in Frankfurt am Main geboren. Mit etwa zehn<\/p>\n","protected":false},"author":1,"featured_media":0,"parent":0,"menu_order":0,"comment_status":"closed","ping_status":"closed","template":"","meta":{"footnotes":""},"class_list":["post-2","page","type-page","status-publish","hentry"],"yoast_head":"<!-- This site is optimized with the Yoast SEO plugin v26.1.1 - https:\/\/yoast.com\/wordpress\/plugins\/seo\/ -->\n<title>\u00dcber mich - Nico Weinard<\/title>\n<meta name=\"description\" content=\"Der Fantasy Autor Nico Weinard plaudert ein wenig \u00fcber sich selbst.\" \/>\n<meta name=\"robots\" content=\"index, follow, max-snippet:-1, max-image-preview:large, max-video-preview:-1\" \/>\n<link rel=\"canonical\" href=\"https:\/\/weinard.website\/?page_id=2\" \/>\n<meta property=\"og:locale\" content=\"de_DE\" \/>\n<meta property=\"og:type\" content=\"article\" \/>\n<meta property=\"og:title\" content=\"\u00dcber mich - Nico Weinard\" \/>\n<meta property=\"og:description\" content=\"Der Fantasy Autor Nico Weinard plaudert ein wenig \u00fcber sich selbst.\" \/>\n<meta property=\"og:url\" content=\"https:\/\/weinard.website\/?page_id=2\" \/>\n<meta property=\"og:site_name\" content=\"Nico Weinard\" \/>\n<meta property=\"article:modified_time\" content=\"2026-03-10T20:49:24+00:00\" \/>\n<meta name=\"twitter:card\" content=\"summary_large_image\" \/>\n<meta name=\"twitter:label1\" content=\"Gesch\u00e4tzte Lesezeit\" \/>\n\t<meta name=\"twitter:data1\" content=\"5\u00a0Minuten\" \/>\n<script type=\"application\/ld+json\" class=\"yoast-schema-graph\">{\"@context\":\"https:\/\/schema.org\",\"@graph\":[{\"@type\":\"WebPage\",\"@id\":\"https:\/\/weinard.website\/?page_id=2\",\"url\":\"https:\/\/weinard.website\/?page_id=2\",\"name\":\"\u00dcber mich - Nico Weinard\",\"isPartOf\":{\"@id\":\"http:\/\/weinard.website\/#website\"},\"datePublished\":\"2025-10-22T15:26:30+00:00\",\"dateModified\":\"2026-03-10T20:49:24+00:00\",\"description\":\"Der Fantasy Autor Nico Weinard plaudert ein wenig \u00fcber sich selbst.\",\"breadcrumb\":{\"@id\":\"https:\/\/weinard.website\/?page_id=2#breadcrumb\"},\"inLanguage\":\"de\",\"potentialAction\":[{\"@type\":\"ReadAction\",\"target\":[\"https:\/\/weinard.website\/?page_id=2\"]}]},{\"@type\":\"BreadcrumbList\",\"@id\":\"https:\/\/weinard.website\/?page_id=2#breadcrumb\",\"itemListElement\":[{\"@type\":\"ListItem\",\"position\":1,\"name\":\"Home\",\"item\":\"http:\/\/weinard.website\/\"},{\"@type\":\"ListItem\",\"position\":2,\"name\":\"\u00dcber mich\"}]},{\"@type\":\"WebSite\",\"@id\":\"http:\/\/weinard.website\/#website\",\"url\":\"http:\/\/weinard.website\/\",\"name\":\"Nico Weinard\",\"description\":\"Metalhead, Fantasy Autor &amp; Ghostwriter\",\"potentialAction\":[{\"@type\":\"SearchAction\",\"target\":{\"@type\":\"EntryPoint\",\"urlTemplate\":\"http:\/\/weinard.website\/?s={search_term_string}\"},\"query-input\":{\"@type\":\"PropertyValueSpecification\",\"valueRequired\":true,\"valueName\":\"search_term_string\"}}],\"inLanguage\":\"de\"}]}<\/script>\n<!-- \/ Yoast SEO plugin. -->","yoast_head_json":{"title":"\u00dcber mich - Nico Weinard","description":"Der Fantasy Autor Nico Weinard plaudert ein wenig \u00fcber sich selbst.","robots":{"index":"index","follow":"follow","max-snippet":"max-snippet:-1","max-image-preview":"max-image-preview:large","max-video-preview":"max-video-preview:-1"},"canonical":"https:\/\/weinard.website\/?page_id=2","og_locale":"de_DE","og_type":"article","og_title":"\u00dcber mich - Nico Weinard","og_description":"Der Fantasy Autor Nico Weinard plaudert ein wenig \u00fcber sich selbst.","og_url":"https:\/\/weinard.website\/?page_id=2","og_site_name":"Nico Weinard","article_modified_time":"2026-03-10T20:49:24+00:00","twitter_card":"summary_large_image","twitter_misc":{"Gesch\u00e4tzte Lesezeit":"5\u00a0Minuten"},"schema":{"@context":"https:\/\/schema.org","@graph":[{"@type":"WebPage","@id":"https:\/\/weinard.website\/?page_id=2","url":"https:\/\/weinard.website\/?page_id=2","name":"\u00dcber mich - Nico Weinard","isPartOf":{"@id":"http:\/\/weinard.website\/#website"},"datePublished":"2025-10-22T15:26:30+00:00","dateModified":"2026-03-10T20:49:24+00:00","description":"Der Fantasy Autor Nico Weinard plaudert ein wenig \u00fcber sich selbst.","breadcrumb":{"@id":"https:\/\/weinard.website\/?page_id=2#breadcrumb"},"inLanguage":"de","potentialAction":[{"@type":"ReadAction","target":["https:\/\/weinard.website\/?page_id=2"]}]},{"@type":"BreadcrumbList","@id":"https:\/\/weinard.website\/?page_id=2#breadcrumb","itemListElement":[{"@type":"ListItem","position":1,"name":"Home","item":"http:\/\/weinard.website\/"},{"@type":"ListItem","position":2,"name":"\u00dcber mich"}]},{"@type":"WebSite","@id":"http:\/\/weinard.website\/#website","url":"http:\/\/weinard.website\/","name":"Nico Weinard","description":"Metalhead, Fantasy Autor &amp; Ghostwriter","potentialAction":[{"@type":"SearchAction","target":{"@type":"EntryPoint","urlTemplate":"http:\/\/weinard.website\/?s={search_term_string}"},"query-input":{"@type":"PropertyValueSpecification","valueRequired":true,"valueName":"search_term_string"}}],"inLanguage":"de"}]}},"_links":{"self":[{"href":"https:\/\/weinard.website\/index.php?rest_route=\/wp\/v2\/pages\/2","targetHints":{"allow":["GET"]}}],"collection":[{"href":"https:\/\/weinard.website\/index.php?rest_route=\/wp\/v2\/pages"}],"about":[{"href":"https:\/\/weinard.website\/index.php?rest_route=\/wp\/v2\/types\/page"}],"author":[{"embeddable":true,"href":"https:\/\/weinard.website\/index.php?rest_route=\/wp\/v2\/users\/1"}],"replies":[{"embeddable":true,"href":"https:\/\/weinard.website\/index.php?rest_route=%2Fwp%2Fv2%2Fcomments&post=2"}],"version-history":[{"count":4,"href":"https:\/\/weinard.website\/index.php?rest_route=\/wp\/v2\/pages\/2\/revisions"}],"predecessor-version":[{"id":536,"href":"https:\/\/weinard.website\/index.php?rest_route=\/wp\/v2\/pages\/2\/revisions\/536"}],"wp:attachment":[{"href":"https:\/\/weinard.website\/index.php?rest_route=%2Fwp%2Fv2%2Fmedia&parent=2"}],"curies":[{"name":"wp","href":"https:\/\/api.w.org\/{rel}","templated":true}]}}