{"id":123,"date":"2025-10-24T09:07:19","date_gmt":"2025-10-24T09:07:19","guid":{"rendered":"https:\/\/weinard.website\/?page_id=123"},"modified":"2025-10-27T16:50:33","modified_gmt":"2025-10-27T16:50:33","slug":"zertifikate","status":"publish","type":"page","link":"https:\/\/weinard.website\/?page_id=123","title":{"rendered":"Zertifikate"},"content":{"rendered":"\n<p><a href=\"https:\/\/weinard.website\/wp-content\/uploads\/2025\/10\/Abschlusszertifikat_Texte-uberarbeiten-Techniken-und-Prozesse-fur-den-Feinschliff.pdf\" target=\"_blank\" rel=\"noreferrer noopener\">Texte \u00fcberarbeiten: Techniken und Prozesse f\u00fcr den Feinschliff<\/a><\/p>\n\n\n\n<p><a href=\"https:\/\/weinard.website\/wp-content\/uploads\/2025\/10\/Abschlusszertifikat_Texte-schreiben-einfach-verstandlich-und-klar.pdf\" target=\"_blank\" rel=\"noreferrer noopener\">Texte schreiben: einfach, verst\u00e4ndlich und klar<\/a><\/p>\n\n\n\n<p><a href=\"https:\/\/weinard.website\/wp-content\/uploads\/2025\/10\/Abschlusszertifikat_Wirkungsvolle-Texte-fur-Social-Media-schreiben.pdf\" target=\"_blank\" rel=\"noreferrer noopener\">Wirkungsvolle Texte f\u00fcr Social Media schreiben<\/a><\/p>\n\n\n\n<p><a href=\"https:\/\/weinard.website\/wp-content\/uploads\/2025\/10\/Abschlusszertifikat_Produktiv-schreiben-Routinen-Mindset-Umgebung-und-Tools-1.pdf\">Produktiv schreiben: Routinen, Mindset, Umgebung und Tools<\/a><\/p>\n\n\n\n<p><a href=\"https:\/\/weinard.website\/wp-content\/uploads\/2025\/10\/Abschlusszertifikat_Kreatives-Texten-Wortspiele-Metaphern-Co-1.pdf\" target=\"_blank\" rel=\"noreferrer noopener\">Kreatives Texten: Wortspiele, Metaphern &amp; Co<\/a><\/p>\n\n\n\n<p><a href=\"https:\/\/weinard.website\/wp-content\/uploads\/2025\/10\/Abschlusszertifikat_SEO-in-WordPress-Grundlagen-1.pdf\" target=\"_blank\" rel=\"noreferrer noopener\">SEO in WordPress \u2013 Grundlagen<\/a><\/p>\n\n\n\n<p><a href=\"https:\/\/weinard.website\/wp-content\/uploads\/2025\/10\/Abschlusszertifikat_Content-Creation-fur-Social-Media-Grundlagen-1.pdf\" target=\"_blank\" rel=\"noreferrer noopener\">Content Creation f\u00fcr Social Media \u2013 Grundlagen<\/a><\/p>\n\n\n\n<p><a href=\"https:\/\/weinard.website\/wp-content\/uploads\/2025\/10\/Abschlusszertifikat_SEO-KeywordStrategie-1.pdf\" target=\"_blank\" rel=\"noreferrer noopener\">SEO: Keyword-Strategie<\/a><\/p>\n\n\n\n<p><a href=\"https:\/\/weinard.website\/wp-content\/uploads\/2025\/10\/Abschlusszertifikat_Social-MediaMarketing-Grundlagen-2017.pdf\" target=\"_blank\" rel=\"noreferrer noopener\">Social Media-Marketing \u2013 Grundlagen<\/a><\/p>\n\n\n\n<p><a href=\"https:\/\/weinard.website\/wp-content\/uploads\/2025\/10\/Abschlusszertifikat_Spannung-erzeugen-in-Vortragen-und-Prasentationen.pdf\" target=\"_blank\" rel=\"noreferrer noopener\">Spannung erzeugen in Vortr\u00e4gen und Pr\u00e4sentationen<\/a><\/p>\n\n\n\n<p><a href=\"https:\/\/weinard.website\/wp-content\/uploads\/2025\/10\/Abschlusszertifikat_Rhetorik-Mit-guten-Argumenten-uberzeugen.pdf\" target=\"_blank\" rel=\"noreferrer noopener\">Rhetorik: Mit guten Argumenten \u00fcberzeugen<\/a><\/p>\n\n\n\n<p><\/p>\n","protected":false},"excerpt":{"rendered":"<p>Texte \u00fcberarbeiten: Techniken und Prozesse f\u00fcr den Feinschliff Texte schreiben: einfach, verst\u00e4ndlich und klar Wirkungsvolle Texte f\u00fcr Social<\/p>\n","protected":false},"author":1,"featured_media":0,"parent":14,"menu_order":0,"comment_status":"closed","ping_status":"closed","template":"","meta":{"footnotes":""},"class_list":["post-123","page","type-page","status-publish","hentry"],"yoast_head":"<!-- This site is optimized with the Yoast SEO plugin v26.1.1 - https:\/\/yoast.com\/wordpress\/plugins\/seo\/ -->\n<title>Zertifikate - Nico Weinard<\/title>\n<meta name=\"description\" content=\"Zertifikate zum Thema SEO Texte, Copywriting und kreatives Schreiben\" \/>\n<meta name=\"robots\" content=\"index, follow, max-snippet:-1, max-image-preview:large, max-video-preview:-1\" \/>\n<link rel=\"canonical\" href=\"https:\/\/weinard.website\/?page_id=123\" \/>\n<meta property=\"og:locale\" content=\"de_DE\" \/>\n<meta property=\"og:type\" content=\"article\" \/>\n<meta property=\"og:title\" content=\"Zertifikate - Nico Weinard\" \/>\n<meta property=\"og:description\" content=\"Zertifikate zum Thema SEO Texte, Copywriting und kreatives Schreiben\" \/>\n<meta property=\"og:url\" content=\"https:\/\/weinard.website\/?page_id=123\" \/>\n<meta property=\"og:site_name\" content=\"Nico Weinard\" \/>\n<meta property=\"article:modified_time\" content=\"2025-10-27T16:50:33+00:00\" \/>\n<meta name=\"twitter:card\" content=\"summary_large_image\" \/>\n<meta name=\"twitter:label1\" content=\"Gesch\u00e4tzte Lesezeit\" \/>\n\t<meta name=\"twitter:data1\" content=\"1\u00a0Minute\" \/>\n<script type=\"application\/ld+json\" class=\"yoast-schema-graph\">{\"@context\":\"https:\/\/schema.org\",\"@graph\":[{\"@type\":\"WebPage\",\"@id\":\"https:\/\/weinard.website\/?page_id=123\",\"url\":\"https:\/\/weinard.website\/?page_id=123\",\"name\":\"Zertifikate - Nico Weinard\",\"isPartOf\":{\"@id\":\"http:\/\/weinard.website\/#website\"},\"datePublished\":\"2025-10-24T09:07:19+00:00\",\"dateModified\":\"2025-10-27T16:50:33+00:00\",\"description\":\"Zertifikate zum Thema SEO Texte, Copywriting und kreatives Schreiben\",\"breadcrumb\":{\"@id\":\"https:\/\/weinard.website\/?page_id=123#breadcrumb\"},\"inLanguage\":\"de\",\"potentialAction\":[{\"@type\":\"ReadAction\",\"target\":[\"https:\/\/weinard.website\/?page_id=123\"]}]},{\"@type\":\"BreadcrumbList\",\"@id\":\"https:\/\/weinard.website\/?page_id=123#breadcrumb\",\"itemListElement\":[{\"@type\":\"ListItem\",\"position\":1,\"name\":\"Home\",\"item\":\"http:\/\/weinard.website\/\"},{\"@type\":\"ListItem\",\"position\":2,\"name\":\"Schreibauftr\u00e4ge\",\"item\":\"https:\/\/weinard.website\/?page_id=14\"},{\"@type\":\"ListItem\",\"position\":3,\"name\":\"Zertifikate\"}]},{\"@type\":\"WebSite\",\"@id\":\"http:\/\/weinard.website\/#website\",\"url\":\"http:\/\/weinard.website\/\",\"name\":\"Nico Weinard\",\"description\":\"Metalhead, Fantasy Autor &amp; Ghostwriter\",\"potentialAction\":[{\"@type\":\"SearchAction\",\"target\":{\"@type\":\"EntryPoint\",\"urlTemplate\":\"http:\/\/weinard.website\/?s={search_term_string}\"},\"query-input\":{\"@type\":\"PropertyValueSpecification\",\"valueRequired\":true,\"valueName\":\"search_term_string\"}}],\"inLanguage\":\"de\"}]}<\/script>\n<!-- \/ Yoast SEO plugin. -->","yoast_head_json":{"title":"Zertifikate - Nico Weinard","description":"Zertifikate zum Thema SEO Texte, Copywriting und kreatives Schreiben","robots":{"index":"index","follow":"follow","max-snippet":"max-snippet:-1","max-image-preview":"max-image-preview:large","max-video-preview":"max-video-preview:-1"},"canonical":"https:\/\/weinard.website\/?page_id=123","og_locale":"de_DE","og_type":"article","og_title":"Zertifikate - Nico Weinard","og_description":"Zertifikate zum Thema SEO Texte, Copywriting und kreatives Schreiben","og_url":"https:\/\/weinard.website\/?page_id=123","og_site_name":"Nico Weinard","article_modified_time":"2025-10-27T16:50:33+00:00","twitter_card":"summary_large_image","twitter_misc":{"Gesch\u00e4tzte Lesezeit":"1\u00a0Minute"},"schema":{"@context":"https:\/\/schema.org","@graph":[{"@type":"WebPage","@id":"https:\/\/weinard.website\/?page_id=123","url":"https:\/\/weinard.website\/?page_id=123","name":"Zertifikate - Nico Weinard","isPartOf":{"@id":"http:\/\/weinard.website\/#website"},"datePublished":"2025-10-24T09:07:19+00:00","dateModified":"2025-10-27T16:50:33+00:00","description":"Zertifikate zum Thema SEO Texte, Copywriting und kreatives Schreiben","breadcrumb":{"@id":"https:\/\/weinard.website\/?page_id=123#breadcrumb"},"inLanguage":"de","potentialAction":[{"@type":"ReadAction","target":["https:\/\/weinard.website\/?page_id=123"]}]},{"@type":"BreadcrumbList","@id":"https:\/\/weinard.website\/?page_id=123#breadcrumb","itemListElement":[{"@type":"ListItem","position":1,"name":"Home","item":"http:\/\/weinard.website\/"},{"@type":"ListItem","position":2,"name":"Schreibauftr\u00e4ge","item":"https:\/\/weinard.website\/?page_id=14"},{"@type":"ListItem","position":3,"name":"Zertifikate"}]},{"@type":"WebSite","@id":"http:\/\/weinard.website\/#website","url":"http:\/\/weinard.website\/","name":"Nico Weinard","description":"Metalhead, Fantasy Autor &amp; Ghostwriter","potentialAction":[{"@type":"SearchAction","target":{"@type":"EntryPoint","urlTemplate":"http:\/\/weinard.website\/?s={search_term_string}"},"query-input":{"@type":"PropertyValueSpecification","valueRequired":true,"valueName":"search_term_string"}}],"inLanguage":"de"}]}},"_links":{"self":[{"href":"https:\/\/weinard.website\/index.php?rest_route=\/wp\/v2\/pages\/123","targetHints":{"allow":["GET"]}}],"collection":[{"href":"https:\/\/weinard.website\/index.php?rest_route=\/wp\/v2\/pages"}],"about":[{"href":"https:\/\/weinard.website\/index.php?rest_route=\/wp\/v2\/types\/page"}],"author":[{"embeddable":true,"href":"https:\/\/weinard.website\/index.php?rest_route=\/wp\/v2\/users\/1"}],"replies":[{"embeddable":true,"href":"https:\/\/weinard.website\/index.php?rest_route=%2Fwp%2Fv2%2Fcomments&post=123"}],"version-history":[{"count":5,"href":"https:\/\/weinard.website\/index.php?rest_route=\/wp\/v2\/pages\/123\/revisions"}],"predecessor-version":[{"id":245,"href":"https:\/\/weinard.website\/index.php?rest_route=\/wp\/v2\/pages\/123\/revisions\/245"}],"up":[{"embeddable":true,"href":"https:\/\/weinard.website\/index.php?rest_route=\/wp\/v2\/pages\/14"}],"wp:attachment":[{"href":"https:\/\/weinard.website\/index.php?rest_route=%2Fwp%2Fv2%2Fmedia&parent=123"}],"curies":[{"name":"wp","href":"https:\/\/api.w.org\/{rel}","templated":true}]}}